{"id":3008,"date":"2016-11-17T12:32:58","date_gmt":"2016-11-17T11:32:58","guid":{"rendered":"http:\/\/mvfr.addsites.co.uk\/?page_id=3008"},"modified":"2017-02-07T12:21:40","modified_gmt":"2017-02-07T11:21:40","slug":"2941-2-2-2","status":"publish","type":"page","link":"https:\/\/www.madamevacances.com\/blog\/au-bord-de-leau","title":{"rendered":"Au bord de l\u2019eau"},"content":{"rendered":"<p>[vc_row][vc_column width=&#8221;4\/6&#8243; css=&#8221;.vc_custom_1482942768837{padding-right: 30px !important;}&#8221;][vc_column_text]<\/p>\n<h3 style=\"text-align: center;\">Au bord de l\u2019eau<\/h3>\n<p>[\/vc_column_text][vc_separator color=&#8221;custom&#8221; border_width=&#8221;2&#8243; el_width=&#8221;20&#8243; accent_color=&#8221;#333333&#8243; css=&#8221;.vc_custom_1479376596135{padding-top: 10px !important;padding-bottom: 50px !important;}&#8221;][edgtf_blog_list type=&#8221;standard&#8221; enable_animated_list=&#8221;no&#8221; number_of_columns=&#8221;2&#8243; space_between_columns=&#8221;normal&#8221; order_by=&#8221;date&#8221; order=&#8221;DESC&#8221; image_size=&#8221;original&#8221; post_info_section=&#8221;yes&#8221; post_info_author=&#8221;yes&#8221; post_info_date=&#8221;yes&#8221; post_info_category=&#8221;yes&#8221; post_info_comments=&#8221;yes&#8221; post_info_share=&#8221;no&#8221; enable_read_more_button=&#8221;yes&#8221; enable_load_more_button=&#8221;no&#8221; enable_infinite_scroll=&#8221;no&#8221; category=&#8221;Au-bord-de-l\u2019eau&#8221;][\/vc_column][vc_column width=&#8221;2\/6&#8243; css=&#8221;.vc_custom_1482943733367{padding-top: 10px !important;padding-right: 30px !important;padding-bottom: 10px !important;padding-left: 30px !important;background-color: #f5f5f5 !important;}&#8221;][vc_column_text]<\/p>\n<h5 style=\"text-align: center;\">\u00c0 propos de nous<\/h5>\n<p>[\/vc_column_text][vc_separator color=&#8221;custom&#8221; border_width=&#8221;2&#8243; el_width=&#8221;20&#8243; accent_color=&#8221;#333333&#8243; css=&#8221;.vc_custom_1479378860219{padding-top: 10px !important;padding-bottom: 25px !important;}&#8221;][vc_column_text]Chez Madame Vacances, notre mission est de donner aux gens partout des id\u00e9es r\u00e9elles sur la vraie France qui vont au-del\u00e0 des conseils habituels pour les touristes. Qu&#8217;il s&#8217;agisse de nos stations de ski pr\u00e9f\u00e9r\u00e9es ou des meilleurs vins de chaque r\u00e9gion, notre objectif est de vous donner la joie de vivre que nous ressentons \u00e0 propos du mode de vie fran\u00e7ais.[\/vc_column_text][vc_column_text css=&#8221;.vc_custom_1479378808775{padding-top: 32px !important;}&#8221;]<\/p>\n<h5 style=\"text-align: center;\">Popular posts<\/h5>\n<p>[\/vc_column_text][vc_separator color=&#8221;custom&#8221; border_width=&#8221;2&#8243; el_width=&#8221;20&#8243; accent_color=&#8221;#333333&#8243; css=&#8221;.vc_custom_1479378867993{padding-top: 10px !important;padding-bottom: 25px !important;}&#8221;][vc_widget_sidebar sidebar_id=&#8221;homepage-3&#8243;][vc_column_text css=&#8221;.vc_custom_1479401460024{padding-top: 32px !important;}&#8221;]<\/p>\n<h5 style=\"text-align: center;\">Categories<\/h5>\n<p>[\/vc_column_text][vc_separator color=&#8221;custom&#8221; border_width=&#8221;2&#8243; el_width=&#8221;20&#8243; accent_color=&#8221;#333333&#8243; css=&#8221;.vc_custom_1479378867993{padding-top: 10px !important;padding-bottom: 25px !important;}&#8221;][vc_wp_custommenu nav_menu=&#8221;157&#8243;][vc_column_text css=&#8221;.vc_custom_1479378820876{padding-top: 32px !important;}&#8221;]<\/p>\n<h5 style=\"text-align: center;\">Twitter<\/h5>\n<p>[\/vc_column_text][vc_separator color=&#8221;custom&#8221; border_width=&#8221;2&#8243; el_width=&#8221;20&#8243; accent_color=&#8221;#333333&#8243; css=&#8221;.vc_custom_1479378875879{padding-top: 10px !important;padding-bottom: 25px !important;}&#8221;][vc_widget_sidebar sidebar_id=&#8221;homepage-twitter&#8221;][vc_column_text css=&#8221;.vc_custom_1479378826327{padding-top: 32px !important;}&#8221;]<\/p>\n<h5 style=\"text-align: center;\">Instagram<\/h5>\n<p>[\/vc_column_text][vc_separator color=&#8221;custom&#8221; border_width=&#8221;2&#8243; el_width=&#8221;20&#8243; accent_color=&#8221;#333333&#8243; css=&#8221;.vc_custom_1479378884159{padding-top: 10px !important;padding-bottom: 25px !important;}&#8221;][vc_widget_sidebar sidebar_id=&#8221;homepage-sidebar&#8221;][vc_column_text css=&#8221;.vc_custom_1479378832392{padding-top: 32px !important;}&#8221;]<\/p>\n<h5 style=\"text-align: center;\">Facebook<\/h5>\n<p>[\/vc_column_text][vc_separator color=&#8221;custom&#8221; border_width=&#8221;2&#8243; el_width=&#8221;20&#8243; accent_color=&#8221;#333333&#8243; css=&#8221;.vc_custom_1479378903656{padding-top: 10px !important;padding-bottom: 25px !important;}&#8221;][vc_widget_sidebar sidebar_id=&#8221;facebook-homepage&#8221;][\/vc_column][\/vc_row]<\/p>\n","protected":false},"excerpt":{"rendered":"<p>[vc_row][vc_column width=&#8221;4\/6&#8243; css=&#8221;.vc_custom_1482942768837{padding-right: 30px !important;}&#8221;][vc_column_text] Au bord de l\u2019eau [\/vc_column_text][vc_separator color=&#8221;custom&#8221; border_width=&#8221;2&#8243; el_width=&#8221;20&#8243; accent_color=&#8221;#333333&#8243; css=&#8221;.vc_custom_1479376596135{padding-top: 10px !important;padding-bottom: 50px !important;}&#8221;][edgtf_blog_list type=&#8221;standard&#8221; enable_animated_list=&#8221;no&#8221; number_of_columns=&#8221;2&#8243; space_between_columns=&#8221;normal&#8221; order_by=&#8221;date&#8221; order=&#8221;DESC&#8221; image_size=&#8221;original&#8221; post_info_section=&#8221;yes&#8221; post_info_author=&#8221;yes&#8221; post_info_date=&#8221;yes&#8221; post_info_category=&#8221;yes&#8221; post_info_comments=&#8221;yes&#8221; post_info_share=&#8221;no&#8221; enable_read_more_button=&#8221;yes&#8221; enable_load_more_button=&#8221;no&#8221; enable_infinite_scroll=&#8221;no&#8221; category=&#8221;Au-bord-de-l\u2019eau&#8221;][\/vc_column][vc_column width=&#8221;2\/6&#8243; css=&#8221;.vc_custom_1482943733367{padding-top: 10px !important;padding-right: 30px !important;padding-bottom: 10px !important;padding-left: 30px !important;background-color: #f5f5f5 !important;}&#8221;][vc_column_text] \u00c0 propos de nous [\/vc_column_text][vc_separator color=&#8221;custom&#8221; border_width=&#8221;2&#8243; &hellip; <\/p>\n<p class=\"link-more\"><a href=\"https:\/\/www.madamevacances.com\/blog\/au-bord-de-leau\" class=\"more-link\">Continuer la lecture<span class=\"screen-reader-text\"> de &laquo;&nbsp;Au bord de l\u2019eau&nbsp;&raquo;<\/span><\/a><\/p>\n","protected":false},"author":1,"featured_media":0,"parent":0,"menu_order":0,"comment_status":"closed","ping_status":"closed","template":"","meta":{"_monsterinsights_skip_tracking":false,"_monsterinsights_sitenote_active":false,"_monsterinsights_sitenote_note":"","_monsterinsights_sitenote_category":0,"_links_to":"","_links_to_target":""},"_links":{"self":[{"href":"https:\/\/www.madamevacances.com\/blog\/wp-json\/wp\/v2\/pages\/3008"}],"collection":[{"href":"https:\/\/www.madamevacances.com\/blog\/wp-json\/wp\/v2\/pages"}],"about":[{"href":"https:\/\/www.madamevacances.com\/blog\/wp-json\/wp\/v2\/types\/page"}],"author":[{"embeddable":true,"href":"https:\/\/www.madamevacances.com\/blog\/wp-json\/wp\/v2\/users\/1"}],"replies":[{"embeddable":true,"href":"https:\/\/www.madamevacances.com\/blog\/wp-json\/wp\/v2\/comments?post=3008"}],"version-history":[{"count":6,"href":"https:\/\/www.madamevacances.com\/blog\/wp-json\/wp\/v2\/pages\/3008\/revisions"}],"predecessor-version":[{"id":3207,"href":"https:\/\/www.madamevacances.com\/blog\/wp-json\/wp\/v2\/pages\/3008\/revisions\/3207"}],"wp:attachment":[{"href":"https:\/\/www.madamevacances.com\/blog\/wp-json\/wp\/v2\/media?parent=3008"}],"curies":[{"name":"wp","href":"https:\/\/api.w.org\/{rel}","templated":true}]}}