{"id":3214,"date":"2016-12-29T11:08:49","date_gmt":"2016-12-29T10:08:49","guid":{"rendered":"http:\/\/mvfr.addsites.co.uk\/?page_id=3214"},"modified":"2016-12-29T11:13:57","modified_gmt":"2016-12-29T10:13:57","slug":"outdoor","status":"publish","type":"page","link":"https:\/\/www.madamevacances.com\/blog\/plein-air","title":{"rendered":"Plein air"},"content":{"rendered":"<p>[vc_row][vc_column width=&#8221;4\/6&#8243; css=&#8221;.vc_custom_1479378634766{padding-right: 30px !important;}&#8221;][vc_column_text]<\/p>\n<h3 style=\"text-align: center;\">Plein air<\/h3>\n<p>[\/vc_column_text][vc_separator color=&#8221;custom&#8221; border_width=&#8221;2&#8243; el_width=&#8221;20&#8243; accent_color=&#8221;#333333&#8243; css=&#8221;.vc_custom_1479376596135{padding-top: 10px !important;padding-bottom: 50px !important;}&#8221;][edgtf_blog_list type=&#8221;standard&#8221; enable_animated_list=&#8221;no&#8221; number_of_columns=&#8221;2&#8243; space_between_columns=&#8221;normal&#8221; order_by=&#8221;date&#8221; order=&#8221;DESC&#8221; image_size=&#8221;original&#8221; post_info_section=&#8221;yes&#8221; post_info_author=&#8221;yes&#8221; post_info_date=&#8221;yes&#8221; post_info_category=&#8221;yes&#8221; post_info_comments=&#8221;yes&#8221; post_info_share=&#8221;no&#8221; enable_read_more_button=&#8221;yes&#8221; enable_load_more_button=&#8221;no&#8221; enable_infinite_scroll=&#8221;no&#8221; category=&#8221;Outdoor&#8221;][\/vc_column][vc_column width=&#8221;2\/6&#8243; css=&#8221;.vc_custom_1479378438068{padding-top: 10px !important;padding-right: 30px !important;padding-bottom: 10px !important;padding-left: 30px !important;background-color: #f5f5f5 !important;}&#8221;][vc_column_text]<\/p>\n<h5 style=\"text-align: center;\">\u00c0 propos de nous<\/h5>\n<p>[\/vc_column_text][vc_separator color=&#8221;custom&#8221; border_width=&#8221;2&#8243; el_width=&#8221;20&#8243; accent_color=&#8221;#333333&#8243; css=&#8221;.vc_custom_1479378860219{padding-top: 10px !important;padding-bottom: 25px !important;}&#8221;][vc_column_text]Chez Madame Vacances, notre mission est de donner aux gens partout des id\u00e9es r\u00e9elles sur la vraie France qui vont au-del\u00e0 des conseils habituels pour les touristes. Qu&#8217;il s&#8217;agisse de nos stations de ski pr\u00e9f\u00e9r\u00e9es ou des meilleurs vins de chaque r\u00e9gion, notre objectif est de vous donner la joie de vivre que nous ressentons \u00e0 propos du mode de vie fran\u00e7ais.[\/vc_column_text][vc_column_text css=&#8221;.vc_custom_1479378808775{padding-top: 32px !important;}&#8221;]<\/p>\n<h5 style=\"text-align: center;\">Popular posts<\/h5>\n<p>[\/vc_column_text][vc_separator color=&#8221;custom&#8221; border_width=&#8221;2&#8243; el_width=&#8221;20&#8243; accent_color=&#8221;#333333&#8243; css=&#8221;.vc_custom_1479378867993{padding-top: 10px !important;padding-bottom: 25px !important;}&#8221;][vc_widget_sidebar sidebar_id=&#8221;homepage-3&#8243;][vc_column_text css=&#8221;.vc_custom_1479378820876{padding-top: 32px !important;}&#8221;]<\/p>\n<h5 style=\"text-align: center;\">Twitter<\/h5>\n<p>[\/vc_column_text][vc_separator color=&#8221;custom&#8221; border_width=&#8221;2&#8243; el_width=&#8221;20&#8243; accent_color=&#8221;#333333&#8243; css=&#8221;.vc_custom_1479378875879{padding-top: 10px !important;padding-bottom: 25px !important;}&#8221;][vc_widget_sidebar sidebar_id=&#8221;homepage-twitter&#8221;][vc_column_text css=&#8221;.vc_custom_1479378826327{padding-top: 32px !important;}&#8221;]<\/p>\n<h5 style=\"text-align: center;\">Instagram<\/h5>\n<p>[\/vc_column_text][vc_separator color=&#8221;custom&#8221; border_width=&#8221;2&#8243; el_width=&#8221;20&#8243; accent_color=&#8221;#333333&#8243; css=&#8221;.vc_custom_1479378884159{padding-top: 10px !important;padding-bottom: 25px !important;}&#8221;][vc_widget_sidebar sidebar_id=&#8221;homepage-sidebar&#8221;][vc_column_text css=&#8221;.vc_custom_1479378832392{padding-top: 32px !important;}&#8221;]<\/p>\n<h5 style=\"text-align: center;\">Facebook<\/h5>\n<p>[\/vc_column_text][vc_separator color=&#8221;custom&#8221; border_width=&#8221;2&#8243; el_width=&#8221;20&#8243; accent_color=&#8221;#333333&#8243; css=&#8221;.vc_custom_1479378903656{padding-top: 10px !important;padding-bottom: 25px !important;}&#8221;][vc_widget_sidebar sidebar_id=&#8221;facebook-homepage&#8221;][\/vc_column][\/vc_row]<\/p>\n","protected":false},"excerpt":{"rendered":"<p>[vc_row][vc_column width=&#8221;4\/6&#8243; css=&#8221;.vc_custom_1479378634766{padding-right: 30px !important;}&#8221;][vc_column_text] Plein air [\/vc_column_text][vc_separator color=&#8221;custom&#8221; border_width=&#8221;2&#8243; el_width=&#8221;20&#8243; accent_color=&#8221;#333333&#8243; css=&#8221;.vc_custom_1479376596135{padding-top: 10px !important;padding-bottom: 50px !important;}&#8221;][edgtf_blog_list type=&#8221;standard&#8221; enable_animated_list=&#8221;no&#8221; number_of_columns=&#8221;2&#8243; space_between_columns=&#8221;normal&#8221; order_by=&#8221;date&#8221; order=&#8221;DESC&#8221; image_size=&#8221;original&#8221; post_info_section=&#8221;yes&#8221; post_info_author=&#8221;yes&#8221; post_info_date=&#8221;yes&#8221; post_info_category=&#8221;yes&#8221; post_info_comments=&#8221;yes&#8221; post_info_share=&#8221;no&#8221; enable_read_more_button=&#8221;yes&#8221; enable_load_more_button=&#8221;no&#8221; enable_infinite_scroll=&#8221;no&#8221; category=&#8221;Outdoor&#8221;][\/vc_column][vc_column width=&#8221;2\/6&#8243; css=&#8221;.vc_custom_1479378438068{padding-top: 10px !important;padding-right: 30px !important;padding-bottom: 10px !important;padding-left: 30px !important;background-color: #f5f5f5 !important;}&#8221;][vc_column_text] \u00c0 propos de nous [\/vc_column_text][vc_separator color=&#8221;custom&#8221; border_width=&#8221;2&#8243; el_width=&#8221;20&#8243; accent_color=&#8221;#333333&#8243; &hellip; <\/p>\n<p class=\"link-more\"><a href=\"https:\/\/www.madamevacances.com\/blog\/plein-air\" class=\"more-link\">Continuer la lecture<span class=\"screen-reader-text\"> de &laquo;&nbsp;Plein air&nbsp;&raquo;<\/span><\/a><\/p>\n","protected":false},"author":1,"featured_media":0,"parent":0,"menu_order":0,"comment_status":"closed","ping_status":"closed","template":"","meta":{"_monsterinsights_skip_tracking":false,"_monsterinsights_sitenote_active":false,"_monsterinsights_sitenote_note":"","_monsterinsights_sitenote_category":0,"_links_to":"","_links_to_target":""},"_links":{"self":[{"href":"https:\/\/www.madamevacances.com\/blog\/wp-json\/wp\/v2\/pages\/3214"}],"collection":[{"href":"https:\/\/www.madamevacances.com\/blog\/wp-json\/wp\/v2\/pages"}],"about":[{"href":"https:\/\/www.madamevacances.com\/blog\/wp-json\/wp\/v2\/types\/page"}],"author":[{"embeddable":true,"href":"https:\/\/www.madamevacances.com\/blog\/wp-json\/wp\/v2\/users\/1"}],"replies":[{"embeddable":true,"href":"https:\/\/www.madamevacances.com\/blog\/wp-json\/wp\/v2\/comments?post=3214"}],"version-history":[{"count":6,"href":"https:\/\/www.madamevacances.com\/blog\/wp-json\/wp\/v2\/pages\/3214\/revisions"}],"predecessor-version":[{"id":3216,"href":"https:\/\/www.madamevacances.com\/blog\/wp-json\/wp\/v2\/pages\/3214\/revisions\/3216"}],"wp:attachment":[{"href":"https:\/\/www.madamevacances.com\/blog\/wp-json\/wp\/v2\/media?parent=3214"}],"curies":[{"name":"wp","href":"https:\/\/api.w.org\/{rel}","templated":true}]}}